{"id":2106,"date":"2025-07-18T09:03:30","date_gmt":"2025-07-18T09:03:30","guid":{"rendered":"https:\/\/eager-ishizaka.83-171-239-27.plesk.page\/?page_id=2106"},"modified":"2025-08-18T07:53:41","modified_gmt":"2025-08-18T07:53:41","slug":"impressum","status":"publish","type":"page","link":"https:\/\/eager-ishizaka.83-171-239-27.plesk.page\/index.php\/impressum\/","title":{"rendered":"Impressum"},"content":{"rendered":"<div class=\"wpb-content-wrapper\"><p>[vc_row css=&#8220;.vc_custom_1754308712413{background-color: #DBDBDB !important;}&#8220;][vc_column css=&#8220;.vc_custom_1754308685099{padding-top: 100px !important;padding-bottom: 100px !important;background-color: #E0000000 !important;}&#8220;][vc_column_text css=&#8220;&#8220;]<\/p>\n<h1>Impressum<\/h1>\n<p>MFR Recruiting<br \/>\nMonika Friedrich<br \/>\nYorckstr. 40<br \/>\n40476 D\u00fcsseldorf<\/p>\n<h2>Kontakt<\/h2>\n<p>Telefon: 0176-84069896<br \/>\nE-Mail: info@mfr-recruiting.com<\/p>\n<h2>Umsatzsteuer-ID<\/h2>\n<p>Umsatzsteuer-Identifikationsnummer gem\u00e4\u00df \u00a7 27 a Umsatzsteuergesetz:<br \/>\nDE 356 435 261<\/p>\n<h2>Redaktionell verantwortlich<\/h2>\n<p>MFR Recruiting<br \/>\nMonika Friedrich<br \/>\nYorckstr. 40<br \/>\n40476 D\u00fcsseldorf<\/p>\n<h2>Verbraucher\u00adstreit\u00adbeilegung\/Universal\u00adschlichtungs\u00adstelle<\/h2>\n<p>Wir nehmen an einem Streitbeilegungsverfahren vor einer Verbraucherschlichtungsstelle teil. Zust\u00e4ndig ist die Universalschlichtungsstelle des Zentrums f\u00fcr Schlichtung e.V., Stra\u00dfburger Stra\u00dfe 8, 77694 Kehl am Rhein (https:\/\/www.verbraucher-schlichter.de).<\/p>\n<h2>Bild-\/Videoquellen:<\/h2>\n<p class=\"p1\"><span class=\"s1\"><a href=\"http:\/\/www.istockphoto.com\">www.istockphoto.com<\/a><\/span><\/p>\n<p>[\/vc_column_text][\/vc_column][\/vc_row]<\/p>\n<\/div>","protected":false},"excerpt":{"rendered":"<p>[vc_row css=&#8220;.vc_custom_1754308712413{background-color: #DBDBDB !important;}&#8220;][vc_column css=&#8220;.vc_custom_1754308685099{padding-top: 100px !important;padding-bottom: 100px !important;background-color: #E0000000 !important;}&#8220;][vc_column_text css=&#8220;&#8220;] Impressum MFR Recruiting Monika Friedrich Yorckstr. 40 40476 D\u00fcsseldorf Kontakt Telefon: 0176-84069896 E-Mail: info@mfr-recruiting.com Umsatzsteuer-ID Umsatzsteuer-Identifikationsnummer gem\u00e4\u00df \u00a7 27 a Umsatzsteuergesetz: DE 356 435 261 Redaktionell verantwortlich MFR Recruiting Monika Friedrich Yorckstr. 40 40476 D\u00fcsseldorf Verbraucher\u00adstreit\u00adbeilegung\/Universal\u00adschlichtungs\u00adstelle Wir nehmen an einem Streitbeilegungsverfahren vor einer [&hellip;]<\/p>\n","protected":false},"author":1,"featured_media":0,"parent":0,"menu_order":0,"comment_status":"closed","ping_status":"closed","template":"","meta":{"footnotes":""},"class_list":["post-2106","page","type-page","status-publish","hentry"],"_links":{"self":[{"href":"https:\/\/eager-ishizaka.83-171-239-27.plesk.page\/index.php\/wp-json\/wp\/v2\/pages\/2106","targetHints":{"allow":["GET"]}}],"collection":[{"href":"https:\/\/eager-ishizaka.83-171-239-27.plesk.page\/index.php\/wp-json\/wp\/v2\/pages"}],"about":[{"href":"https:\/\/eager-ishizaka.83-171-239-27.plesk.page\/index.php\/wp-json\/wp\/v2\/types\/page"}],"author":[{"embeddable":true,"href":"https:\/\/eager-ishizaka.83-171-239-27.plesk.page\/index.php\/wp-json\/wp\/v2\/users\/1"}],"replies":[{"embeddable":true,"href":"https:\/\/eager-ishizaka.83-171-239-27.plesk.page\/index.php\/wp-json\/wp\/v2\/comments?post=2106"}],"version-history":[{"count":7,"href":"https:\/\/eager-ishizaka.83-171-239-27.plesk.page\/index.php\/wp-json\/wp\/v2\/pages\/2106\/revisions"}],"predecessor-version":[{"id":2231,"href":"https:\/\/eager-ishizaka.83-171-239-27.plesk.page\/index.php\/wp-json\/wp\/v2\/pages\/2106\/revisions\/2231"}],"wp:attachment":[{"href":"https:\/\/eager-ishizaka.83-171-239-27.plesk.page\/index.php\/wp-json\/wp\/v2\/media?parent=2106"}],"curies":[{"name":"wp","href":"https:\/\/api.w.org\/{rel}","templated":true}]}}